{"id":21284,"date":"2025-04-16T23:20:30","date_gmt":"2025-04-16T20:20:30","guid":{"rendered":"https:\/\/www.markacantalar.com\/?post_type=product&#038;p=21284"},"modified":"2025-11-03T19:52:19","modified_gmt":"2025-11-03T16:52:19","slug":"montblanc-meisterstuck-soft-grain-messenger-bag-erkek-postaci-cantasi","status":"publish","type":"product","link":"https:\/\/www.markacantalar.com\/index.php\/urun\/montblanc-meisterstuck-soft-grain-messenger-bag-erkek-postaci-cantasi\/","title":{"rendered":"Montblanc Meisterst\u00fcck Soft Grain Messenger Bag Erkek Postac\u0131 \u00c7antas\u0131"},"content":{"rendered":"<p>Zarafeti, kaliteyi ve i\u015flevselli\u011fi tek bir tasar\u0131mda bulu\u015fturan <strong>Montblanc Meisterst\u00fcck Soft Grain Messenger Bag<\/strong>, modern erkeklerin \u015fehir ya\u015fam\u0131ndaki t\u00fcm ihtiya\u00e7lar\u0131na yan\u0131t veren prestijli bir postac\u0131 \u00e7antas\u0131d\u0131r. Montblanc\u2019\u0131n k\u00f6kl\u00fc el i\u015f\u00e7ili\u011fi gelene\u011fini \u00e7a\u011fda\u015f bir formda yorumlayan bu model, sade ama etkileyici duru\u015fuyla profesyonel tarz\u0131n vazge\u00e7ilmez tamamlay\u0131c\u0131s\u0131d\u0131r.<\/p>\n<p>Y\u00fcksek kaliteli <strong>soft grain (yumu\u015fak dokulu) hakiki dana derisinden<\/strong> \u00fcretilen \u00e7anta, dokunuldu\u011funda fark edilen zarif p\u00fcr\u00fczs\u00fczl\u00fc\u011f\u00fc ve dayan\u0131kl\u0131 yap\u0131s\u0131yla dikkat \u00e7eker. Derinin kendine \u00f6zg\u00fc do\u011fal dokusu, zamanla karakter kazanarak ki\u015fisel bir g\u00f6r\u00fcn\u00fcm olu\u015fturur. Bu y\u00f6n\u00fcyle Meisterst\u00fcck Soft Grain serisi, l\u00fcks\u00fc sadece g\u00f6r\u00fcn\u00fc\u015fte de\u011fil, <strong>dokunma hissinde de ya\u015fat\u0131r.<\/strong><\/p>\n<p>\u00c7antan\u0131n \u00f6n k\u0131sm\u0131nda yer alan <strong>ikonik Montblanc y\u0131ld\u0131z logosu<\/strong>, markan\u0131n ustal\u0131\u011f\u0131n\u0131 ve prestijini sembolize eder. Minimal detaylar, fazla g\u00f6steri\u015ften uzak ama rafine bir tasar\u0131m dili sunar. Bu sayede \u00e7anta hem i\u015f hayat\u0131nda hem g\u00fcnl\u00fck \u015fehir kullan\u0131m\u0131nda m\u00fckemmel bir denge kurar.<\/p>\n<p><strong>Fonksiyonellik a\u00e7\u0131s\u0131ndan son derece pratik<\/strong> olan Meisterst\u00fcck Soft Grain Messenger Bag, geni\u015f i\u00e7 hacmiyle belgelerinizi, tabletinizi, c\u00fczdan\u0131n\u0131z\u0131 veya ki\u015fisel e\u015fyalar\u0131n\u0131z\u0131 rahatl\u0131kla ta\u015f\u0131man\u0131z\u0131 sa\u011flar. \u0130\u00e7 k\u0131s\u0131mda yer alan \u00e7oklu b\u00f6lmeler, d\u00fczenli bir kullan\u0131m olana\u011f\u0131 sunarken fermuarl\u0131 cep, de\u011ferli e\u015fyalar\u0131n\u0131z i\u00e7in g\u00fcvenli bir alan olu\u015fturur. Manyetik kapakl\u0131 \u00f6n b\u00f6lme, s\u0131k kullan\u0131lan e\u015fyalar\u0131n\u0131za kolay eri\u015fim sa\u011flar.<\/p>\n<p>Ayarlanabilir <strong>omuz ask\u0131s\u0131<\/strong>, uzun s\u00fcreli kullan\u0131mda maksimum konfor sunacak \u015fekilde tasarlanm\u0131\u015ft\u0131r. Hafif yap\u0131s\u0131, \u015fehir i\u00e7i yolculuklarda veya seyahatlerde rahat bir ta\u015f\u0131ma deneyimi sa\u011flar. Ergonomik kesimi sayesinde hem klasik hem de casual kombinlerle uyum i\u00e7inde kullan\u0131labilir.<\/p>\n<p><strong>Tasar\u0131m ve Malzeme \u00d6zellikleri:<\/strong><\/p>\n<ul>\n<li>Premium \u201cSoft Grain\u201d hakiki dana derisi<\/li>\n<li>Montblanc y\u0131ld\u0131z logolu metal detay<\/li>\n<li>Manyetik kapakl\u0131 \u00f6n b\u00f6l\u00fcm<\/li>\n<li>Geni\u015f ana b\u00f6lme ve fermuarl\u0131 i\u00e7 cepler<\/li>\n<li>Ayarlanabilir, dayan\u0131kl\u0131 omuz ask\u0131s\u0131<\/li>\n<li>Yumu\u015fak astarl\u0131 i\u00e7 k\u0131s\u0131m<\/li>\n<li>Hafif ve ergonomik yap\u0131<\/li>\n<\/ul>\n<p><strong>\u00d6ne \u00c7\u0131kan Avantajlar:<\/strong><\/p>\n<ul>\n<li>Profesyonel g\u00f6r\u00fcn\u00fcmle g\u00fcnl\u00fck konforu birle\u015ftirir<\/li>\n<li>Y\u00fcksek kaliteli deri yap\u0131s\u0131yla uzun \u00f6m\u00fcrl\u00fc kullan\u0131m<\/li>\n<li>Geni\u015f ve d\u00fczenli i\u00e7 tasar\u0131m<\/li>\n<li>Zamans\u0131z, minimalist Montblanc esteti\u011fi<\/li>\n<li>Hem i\u015f hem seyahat ortamlar\u0131na uygun \u00e7ok y\u00f6nl\u00fc tasar\u0131m<\/li>\n<\/ul>\n<p><strong>Tasar\u0131m Felsefesi:<\/strong><br \/>\nMontblanc Meisterst\u00fcck koleksiyonu, markan\u0131n m\u00fckemmeliyet ve detaylara sadakat anlay\u0131\u015f\u0131n\u0131 temsil eder. Bu serideki her par\u00e7a, \u201cel i\u015f\u00e7ili\u011fi ile modernli\u011fin uyumunu\u201d yans\u0131t\u0131r. <strong>Soft Grain Messenger Bag<\/strong>, sadelikten g\u00fc\u00e7 alan bir l\u00fcks anlay\u0131\u015f\u0131yla tasarlanm\u0131\u015ft\u0131r. Modern \u015fehir erke\u011finin dinamik ya\u015fam\u0131na uyum sa\u011flayacak \u015fekilde i\u015flevsel, dayan\u0131kl\u0131 ve zariftir.<\/p>\n<p><strong>Kullan\u0131m Alan\u0131:<\/strong><br \/>\nOfis ortamlar\u0131nda profesyonel bir duru\u015f sergilemek, \u015fehir i\u00e7inde belgeleri veya teknolojik cihazlar\u0131 g\u00fcvenle ta\u015f\u0131mak ya da seyahatlerde konforlu bir aksesuar kullanmak isteyen erkekler i\u00e7in ideal bir se\u00e7imdir. G\u00fcnl\u00fck hayatta kot pantolonla, i\u015f ya\u015fam\u0131nda tak\u0131m elbiseyle kolayca uyum sa\u011flar.<\/p>\n<p><strong>Sonu\u00e7:<\/strong><br \/>\n<strong>Montblanc Meisterst\u00fcck Soft Grain Messenger Bag<\/strong>, modern erkeklerin stilini zarafetle b\u00fct\u00fcnle\u015ftiren, <strong>kalite ve prestijin simgesi<\/strong> bir \u00e7antad\u0131r. Her diki\u015finde ustal\u0131k, her detay\u0131nda sadelik ve i\u015flevsellik hissedilir. Gerek profesyonel ya\u015famda gerek g\u00fcnl\u00fck kullan\u0131mda fark yaratmak isteyenler i\u00e7in m\u00fckemmel bir tercihtir. Zamanla daha da de\u011ferlenen bu \u00f6zel model, Montblanc\u2019\u0131n \u201cm\u00fckemmelli\u011fe adanm\u0131\u015f\u201d tasar\u0131m felsefesinin en somut \u00f6rneklerinden biridir. Daha detayl\u0131 bilgi almak i\u00e7in bize <a href=\"http:\/\/instagram.com\">instagram<\/a> ve <a href=\"\/iletisim\">ileti\u015fim<\/a> sayfam\u0131zdan ula\u015fabilirsiniz.<\/p>\n","protected":false},"excerpt":{"rendered":"<ul>\n<li>%100 hakiki deri erkek postac\u0131 \u00e7anta<\/li>\n<li>Birinci s\u0131n\u0131f i\u015f\u00e7ilikli<\/li>\n<li>Birebir \u00fcr\u00fcn<\/li>\n<li>Ebat\u0131 26x20x6 cm<\/li>\n<\/ul>\n","protected":false},"featured_media":21296,"comment_status":"open","ping_status":"closed","template":"","meta":[],"product_brand":[],"product_cat":[136,315,20],"product_tag":[],"class_list":{"0":"post-21284","1":"product","2":"type-product","3":"status-publish","4":"has-post-thumbnail","6":"product_cat-canta","7":"product_cat-montblanc","8":"product_cat-urunler","10":"first","11":"instock","12":"shipping-taxable","13":"purchasable","14":"product-type-simple"},"yoast_head":"<!-- This site is optimized with the Yoast SEO plugin v27.4 - https:\/\/yoast.com\/product\/yoast-seo-wordpress\/ -->\n<title>Montblanc Meisterst\u00fcck Soft Grain Messenger Bag Erkek Postac\u0131 \u00c7antas\u0131 - markacantalar.com<\/title>\n<meta name=\"description\" content=\"Montblanc Meisterst\u00fcck Soft Grain Messenger Bag Erkek Postac\u0131 \u00c7antas\u0131 \u00fcr\u00fcn\u00fcm\u00fczle \u015f\u0131kl\u0131\u011f\u0131n\u0131z\u0131 tamamlay\u0131n. Hemen sipari\u015f verin.\" \/>\n<meta name=\"robots\" content=\"index, follow, max-snippet:-1, max-image-preview:large, max-video-preview:-1\" \/>\n<link rel=\"canonical\" href=\"https:\/\/www.markacantalar.com\/index.php\/urun\/montblanc-meisterstuck-soft-grain-messenger-bag-erkek-postaci-cantasi\/\" \/>\n<meta property=\"og:locale\" content=\"tr_TR\" \/>\n<meta property=\"og:type\" content=\"article\" \/>\n<meta property=\"og:title\" content=\"Montblanc Meisterst\u00fcck Soft Grain Messenger Bag Erkek Postac\u0131 \u00c7antas\u0131 - markacantalar.com\" \/>\n<meta property=\"og:description\" content=\"Montblanc Meisterst\u00fcck Soft Grain Messenger Bag Erkek Postac\u0131 \u00c7antas\u0131 \u00fcr\u00fcn\u00fcm\u00fczle \u015f\u0131kl\u0131\u011f\u0131n\u0131z\u0131 tamamlay\u0131n. Hemen sipari\u015f verin.\" \/>\n<meta property=\"og:url\" content=\"https:\/\/www.markacantalar.com\/index.php\/urun\/montblanc-meisterstuck-soft-grain-messenger-bag-erkek-postaci-cantasi\/\" \/>\n<meta property=\"og:site_name\" content=\"markacantalar.com\" \/>\n<meta property=\"article:modified_time\" content=\"2025-11-03T16:52:19+00:00\" \/>\n<meta property=\"og:image\" content=\"https:\/\/www.markacantalar.com\/wp-content\/uploads\/2025\/04\/montblanc-meisterstuck-soft-grain-messenger-bag-erkek-postaci-cantasi.jpg\" \/>\n\t<meta property=\"og:image:width\" content=\"1280\" \/>\n\t<meta property=\"og:image:height\" content=\"1280\" \/>\n\t<meta property=\"og:image:type\" content=\"image\/jpeg\" \/>\n<meta name=\"twitter:card\" content=\"summary_large_image\" \/>\n<meta name=\"twitter:label1\" content=\"Tahmini okuma s\u00fcresi\" \/>\n\t<meta name=\"twitter:data1\" content=\"3 dakika\" \/>\n<script type=\"application\/ld+json\" class=\"yoast-schema-graph\">{\"@context\":\"https:\\\/\\\/schema.org\",\"@graph\":[{\"@type\":\"WebPage\",\"@id\":\"https:\\\/\\\/www.markacantalar.com\\\/index.php\\\/urun\\\/montblanc-meisterstuck-soft-grain-messenger-bag-erkek-postaci-cantasi\\\/\",\"url\":\"https:\\\/\\\/www.markacantalar.com\\\/index.php\\\/urun\\\/montblanc-meisterstuck-soft-grain-messenger-bag-erkek-postaci-cantasi\\\/\",\"name\":\"Montblanc Meisterst\u00fcck Soft Grain Messenger Bag Erkek Postac\u0131 \u00c7antas\u0131 - markacantalar.com\",\"isPartOf\":{\"@id\":\"https:\\\/\\\/www.markacantalar.com\\\/#website\"},\"primaryImageOfPage\":{\"@id\":\"https:\\\/\\\/www.markacantalar.com\\\/index.php\\\/urun\\\/montblanc-meisterstuck-soft-grain-messenger-bag-erkek-postaci-cantasi\\\/#primaryimage\"},\"image\":{\"@id\":\"https:\\\/\\\/www.markacantalar.com\\\/index.php\\\/urun\\\/montblanc-meisterstuck-soft-grain-messenger-bag-erkek-postaci-cantasi\\\/#primaryimage\"},\"thumbnailUrl\":\"https:\\\/\\\/www.markacantalar.com\\\/wp-content\\\/uploads\\\/2025\\\/04\\\/montblanc-meisterstuck-soft-grain-messenger-bag-erkek-postaci-cantasi.jpg\",\"datePublished\":\"2025-04-16T20:20:30+00:00\",\"dateModified\":\"2025-11-03T16:52:19+00:00\",\"description\":\"Montblanc Meisterst\u00fcck Soft Grain Messenger Bag Erkek Postac\u0131 \u00c7antas\u0131 \u00fcr\u00fcn\u00fcm\u00fczle \u015f\u0131kl\u0131\u011f\u0131n\u0131z\u0131 tamamlay\u0131n. Hemen sipari\u015f verin.\",\"breadcrumb\":{\"@id\":\"https:\\\/\\\/www.markacantalar.com\\\/index.php\\\/urun\\\/montblanc-meisterstuck-soft-grain-messenger-bag-erkek-postaci-cantasi\\\/#breadcrumb\"},\"inLanguage\":\"tr\",\"potentialAction\":[{\"@type\":\"ReadAction\",\"target\":[\"https:\\\/\\\/www.markacantalar.com\\\/index.php\\\/urun\\\/montblanc-meisterstuck-soft-grain-messenger-bag-erkek-postaci-cantasi\\\/\"]}]},{\"@type\":\"ImageObject\",\"inLanguage\":\"tr\",\"@id\":\"https:\\\/\\\/www.markacantalar.com\\\/index.php\\\/urun\\\/montblanc-meisterstuck-soft-grain-messenger-bag-erkek-postaci-cantasi\\\/#primaryimage\",\"url\":\"https:\\\/\\\/www.markacantalar.com\\\/wp-content\\\/uploads\\\/2025\\\/04\\\/montblanc-meisterstuck-soft-grain-messenger-bag-erkek-postaci-cantasi.jpg\",\"contentUrl\":\"https:\\\/\\\/www.markacantalar.com\\\/wp-content\\\/uploads\\\/2025\\\/04\\\/montblanc-meisterstuck-soft-grain-messenger-bag-erkek-postaci-cantasi.jpg\",\"width\":1280,\"height\":1280,\"caption\":\"www.markacantalar.com-montblanc-meisterstuck-soft-grain-messenger-bag-erkek-postaci-cantasi\"},{\"@type\":\"BreadcrumbList\",\"@id\":\"https:\\\/\\\/www.markacantalar.com\\\/index.php\\\/urun\\\/montblanc-meisterstuck-soft-grain-messenger-bag-erkek-postaci-cantasi\\\/#breadcrumb\",\"itemListElement\":[{\"@type\":\"ListItem\",\"position\":1,\"name\":\"Anasayfa\",\"item\":\"https:\\\/\\\/www.markacantalar.com\\\/\"},{\"@type\":\"ListItem\",\"position\":2,\"name\":\"Ma\u011faza\",\"item\":\"https:\\\/\\\/www.markacantalar.com\\\/index.php\\\/magaza\\\/\"},{\"@type\":\"ListItem\",\"position\":3,\"name\":\"Montblanc Meisterst\u00fcck Soft Grain Messenger Bag Erkek Postac\u0131 \u00c7antas\u0131\"}]},{\"@type\":\"WebSite\",\"@id\":\"https:\\\/\\\/www.markacantalar.com\\\/#website\",\"url\":\"https:\\\/\\\/www.markacantalar.com\\\/\",\"name\":\"markacantalar.com\",\"description\":\"Orijinal ve Birebir Replika \u0130thal D\u00fcnya Markas\u0131 \u00c7anta C\u00fczdan Ayakkab\u0131 Terlik Valiz\",\"potentialAction\":[{\"@type\":\"SearchAction\",\"target\":{\"@type\":\"EntryPoint\",\"urlTemplate\":\"https:\\\/\\\/www.markacantalar.com\\\/?s={search_term_string}\"},\"query-input\":{\"@type\":\"PropertyValueSpecification\",\"valueRequired\":true,\"valueName\":\"search_term_string\"}}],\"inLanguage\":\"tr\"}]}<\/script>\n<!-- \/ Yoast SEO plugin. -->","yoast_head_json":{"title":"Montblanc Meisterst\u00fcck Soft Grain Messenger Bag Erkek Postac\u0131 \u00c7antas\u0131 - markacantalar.com","description":"Montblanc Meisterst\u00fcck Soft Grain Messenger Bag Erkek Postac\u0131 \u00c7antas\u0131 \u00fcr\u00fcn\u00fcm\u00fczle \u015f\u0131kl\u0131\u011f\u0131n\u0131z\u0131 tamamlay\u0131n. Hemen sipari\u015f verin.","robots":{"index":"index","follow":"follow","max-snippet":"max-snippet:-1","max-image-preview":"max-image-preview:large","max-video-preview":"max-video-preview:-1"},"canonical":"https:\/\/www.markacantalar.com\/index.php\/urun\/montblanc-meisterstuck-soft-grain-messenger-bag-erkek-postaci-cantasi\/","og_locale":"tr_TR","og_type":"article","og_title":"Montblanc Meisterst\u00fcck Soft Grain Messenger Bag Erkek Postac\u0131 \u00c7antas\u0131 - markacantalar.com","og_description":"Montblanc Meisterst\u00fcck Soft Grain Messenger Bag Erkek Postac\u0131 \u00c7antas\u0131 \u00fcr\u00fcn\u00fcm\u00fczle \u015f\u0131kl\u0131\u011f\u0131n\u0131z\u0131 tamamlay\u0131n. Hemen sipari\u015f verin.","og_url":"https:\/\/www.markacantalar.com\/index.php\/urun\/montblanc-meisterstuck-soft-grain-messenger-bag-erkek-postaci-cantasi\/","og_site_name":"markacantalar.com","article_modified_time":"2025-11-03T16:52:19+00:00","og_image":[{"width":1280,"height":1280,"url":"https:\/\/www.markacantalar.com\/wp-content\/uploads\/2025\/04\/montblanc-meisterstuck-soft-grain-messenger-bag-erkek-postaci-cantasi.jpg","type":"image\/jpeg"}],"twitter_card":"summary_large_image","twitter_misc":{"Tahmini okuma s\u00fcresi":"3 dakika"},"schema":{"@context":"https:\/\/schema.org","@graph":[{"@type":"WebPage","@id":"https:\/\/www.markacantalar.com\/index.php\/urun\/montblanc-meisterstuck-soft-grain-messenger-bag-erkek-postaci-cantasi\/","url":"https:\/\/www.markacantalar.com\/index.php\/urun\/montblanc-meisterstuck-soft-grain-messenger-bag-erkek-postaci-cantasi\/","name":"Montblanc Meisterst\u00fcck Soft Grain Messenger Bag Erkek Postac\u0131 \u00c7antas\u0131 - markacantalar.com","isPartOf":{"@id":"https:\/\/www.markacantalar.com\/#website"},"primaryImageOfPage":{"@id":"https:\/\/www.markacantalar.com\/index.php\/urun\/montblanc-meisterstuck-soft-grain-messenger-bag-erkek-postaci-cantasi\/#primaryimage"},"image":{"@id":"https:\/\/www.markacantalar.com\/index.php\/urun\/montblanc-meisterstuck-soft-grain-messenger-bag-erkek-postaci-cantasi\/#primaryimage"},"thumbnailUrl":"https:\/\/www.markacantalar.com\/wp-content\/uploads\/2025\/04\/montblanc-meisterstuck-soft-grain-messenger-bag-erkek-postaci-cantasi.jpg","datePublished":"2025-04-16T20:20:30+00:00","dateModified":"2025-11-03T16:52:19+00:00","description":"Montblanc Meisterst\u00fcck Soft Grain Messenger Bag Erkek Postac\u0131 \u00c7antas\u0131 \u00fcr\u00fcn\u00fcm\u00fczle \u015f\u0131kl\u0131\u011f\u0131n\u0131z\u0131 tamamlay\u0131n. Hemen sipari\u015f verin.","breadcrumb":{"@id":"https:\/\/www.markacantalar.com\/index.php\/urun\/montblanc-meisterstuck-soft-grain-messenger-bag-erkek-postaci-cantasi\/#breadcrumb"},"inLanguage":"tr","potentialAction":[{"@type":"ReadAction","target":["https:\/\/www.markacantalar.com\/index.php\/urun\/montblanc-meisterstuck-soft-grain-messenger-bag-erkek-postaci-cantasi\/"]}]},{"@type":"ImageObject","inLanguage":"tr","@id":"https:\/\/www.markacantalar.com\/index.php\/urun\/montblanc-meisterstuck-soft-grain-messenger-bag-erkek-postaci-cantasi\/#primaryimage","url":"https:\/\/www.markacantalar.com\/wp-content\/uploads\/2025\/04\/montblanc-meisterstuck-soft-grain-messenger-bag-erkek-postaci-cantasi.jpg","contentUrl":"https:\/\/www.markacantalar.com\/wp-content\/uploads\/2025\/04\/montblanc-meisterstuck-soft-grain-messenger-bag-erkek-postaci-cantasi.jpg","width":1280,"height":1280,"caption":"www.markacantalar.com-montblanc-meisterstuck-soft-grain-messenger-bag-erkek-postaci-cantasi"},{"@type":"BreadcrumbList","@id":"https:\/\/www.markacantalar.com\/index.php\/urun\/montblanc-meisterstuck-soft-grain-messenger-bag-erkek-postaci-cantasi\/#breadcrumb","itemListElement":[{"@type":"ListItem","position":1,"name":"Anasayfa","item":"https:\/\/www.markacantalar.com\/"},{"@type":"ListItem","position":2,"name":"Ma\u011faza","item":"https:\/\/www.markacantalar.com\/index.php\/magaza\/"},{"@type":"ListItem","position":3,"name":"Montblanc Meisterst\u00fcck Soft Grain Messenger Bag Erkek Postac\u0131 \u00c7antas\u0131"}]},{"@type":"WebSite","@id":"https:\/\/www.markacantalar.com\/#website","url":"https:\/\/www.markacantalar.com\/","name":"markacantalar.com","description":"Orijinal ve Birebir Replika \u0130thal D\u00fcnya Markas\u0131 \u00c7anta C\u00fczdan Ayakkab\u0131 Terlik Valiz","potentialAction":[{"@type":"SearchAction","target":{"@type":"EntryPoint","urlTemplate":"https:\/\/www.markacantalar.com\/?s={search_term_string}"},"query-input":{"@type":"PropertyValueSpecification","valueRequired":true,"valueName":"search_term_string"}}],"inLanguage":"tr"}]}},"_links":{"self":[{"href":"https:\/\/www.markacantalar.com\/index.php\/wp-json\/wp\/v2\/product\/21284","targetHints":{"allow":["GET"]}}],"collection":[{"href":"https:\/\/www.markacantalar.com\/index.php\/wp-json\/wp\/v2\/product"}],"about":[{"href":"https:\/\/www.markacantalar.com\/index.php\/wp-json\/wp\/v2\/types\/product"}],"replies":[{"embeddable":true,"href":"https:\/\/www.markacantalar.com\/index.php\/wp-json\/wp\/v2\/comments?post=21284"}],"version-history":[{"count":4,"href":"https:\/\/www.markacantalar.com\/index.php\/wp-json\/wp\/v2\/product\/21284\/revisions"}],"predecessor-version":[{"id":21575,"href":"https:\/\/www.markacantalar.com\/index.php\/wp-json\/wp\/v2\/product\/21284\/revisions\/21575"}],"wp:featuredmedia":[{"embeddable":true,"href":"https:\/\/www.markacantalar.com\/index.php\/wp-json\/wp\/v2\/media\/21296"}],"wp:attachment":[{"href":"https:\/\/www.markacantalar.com\/index.php\/wp-json\/wp\/v2\/media?parent=21284"}],"wp:term":[{"taxonomy":"product_brand","embeddable":true,"href":"https:\/\/www.markacantalar.com\/index.php\/wp-json\/wp\/v2\/product_brand?post=21284"},{"taxonomy":"product_cat","embeddable":true,"href":"https:\/\/www.markacantalar.com\/index.php\/wp-json\/wp\/v2\/product_cat?post=21284"},{"taxonomy":"product_tag","embeddable":true,"href":"https:\/\/www.markacantalar.com\/index.php\/wp-json\/wp\/v2\/product_tag?post=21284"}],"curies":[{"name":"wp","href":"https:\/\/api.w.org\/{rel}","templated":true}]}}