{"id":10727,"date":"2023-04-28T22:47:05","date_gmt":"2023-04-28T19:47:05","guid":{"rendered":"https:\/\/www.markacantalar.com\/?post_type=product&#038;p=10727"},"modified":"2025-12-22T17:00:42","modified_gmt":"2025-12-22T14:00:42","slug":"louis-vuitton-steamer-messenger-postaci-cantasi","status":"publish","type":"product","link":"https:\/\/www.markacantalar.com\/index.php\/urun\/louis-vuitton-steamer-messenger-postaci-cantasi\/","title":{"rendered":"Louis Vuitton Steamer Messenger Postac\u0131 \u00c7antas\u0131"},"content":{"rendered":"<p><strong>Louis Vuitton Steamer Messenger Postac\u0131 \u00c7antas\u0131<\/strong>, g\u00fcnl\u00fck ya\u015famda stil ve fonksiyonelli\u011fi bir arada sunan, modern erke\u011fin gard\u0131robuna zarafet katan prestijli bir aksesuard\u0131r. Louis Vuitton\u2019un k\u00f6kl\u00fc tasar\u0131m miras\u0131n\u0131 \u00e7a\u011fda\u015f \u00e7izgilerle birle\u015ftiren bu postac\u0131 \u00e7antas\u0131, \u015fehir i\u00e7i kullan\u0131mda ya da k\u0131sa seyahatlerde ihtiya\u00e7 duyulan t\u00fcm e\u015fyalar\u0131n\u0131z\u0131 d\u00fczenli ve \u015f\u0131k bir \u015fekilde ta\u015f\u0131man\u0131za yard\u0131mc\u0131 olur. Minimalist detaylar\u0131, dayan\u0131kl\u0131 yap\u0131s\u0131 ve ak\u0131ll\u0131 i\u00e7 d\u00fczeniyle \u00f6ne \u00e7\u0131kan bu model, hem profesyonel hem de g\u00fcndelik stillerle kolayca uyum sa\u011flar.<\/p>\n<p>D\u0131\u015f y\u00fczeyde kullan\u0131lan y\u00fcksek kalite kanvas veya deri malzeme, \u00e7antan\u0131n uzun \u00f6m\u00fcrl\u00fc bir performans sergilemesini sa\u011flar. Malzemenin sa\u011flam yap\u0131s\u0131, g\u00fcnl\u00fck kullan\u0131mda olu\u015fabilecek s\u00fcrt\u00fcnme ve \u00e7izilmelere kar\u015f\u0131 diren\u00e7 g\u00f6sterirken, Louis Vuitton\u2019un karakteristik estetik \u00e7izgisini de g\u00fc\u00e7l\u00fc bir \u015fekilde yans\u0131t\u0131r. Sade ama etkileyici detaylar, her ya\u015ftan kullan\u0131c\u0131ya hitap eden dengeli bir tasar\u0131m dili sunar. \u00c7antan\u0131n metal fermuarlar\u0131 ve tokalar\u0131, dayan\u0131kl\u0131 olduklar\u0131 kadar tasar\u0131m\u0131n premium hissini de g\u00fc\u00e7lendirir.<\/p>\n<p>Steamer Messenger Postac\u0131 \u00c7antas\u0131\u2019n\u0131n i\u00e7 yap\u0131s\u0131, modern ya\u015fam\u0131n ta\u015f\u0131ma ihtiya\u00e7lar\u0131n\u0131 dikkate alacak \u015fekilde \u00f6zenle tasarlanm\u0131\u015ft\u0131r. Geni\u015f ana b\u00f6lme, evraklar\u0131n\u0131z\u0131, tabletinizi, ajandan\u0131z\u0131 ve g\u00fcnl\u00fck gereksinim duydu\u011funuz di\u011fer e\u015fyalar\u0131n\u0131z\u0131 d\u00fczenli bir \u015fekilde yerle\u015ftirmenize imk\u00e2n tan\u0131r. \u0130\u00e7 k\u0131s\u0131mda yer alan ek g\u00f6zler ve cepler, kalem, telefon, c\u00fczdan gibi k\u00fc\u00e7\u00fck e\u015fyalar\u0131n\u0131z\u0131n da d\u00fczenli tutulmas\u0131n\u0131 sa\u011flar ve bu sayede arad\u0131\u011f\u0131n\u0131z e\u015fyaya h\u0131zl\u0131ca ula\u015fabilirsiniz. Bu i\u00e7 d\u00fczen, \u00e7antan\u0131n sadece \u015f\u0131k de\u011fil ayn\u0131 zamanda son derece pratik olmas\u0131n\u0131 da beraberinde getirir.<\/p>\n<p>\u00c7antan\u0131n ta\u015f\u0131ma sistemi, kullan\u0131c\u0131 konforunu ilk planda tutacak \u015fekilde tasarlanm\u0131\u015ft\u0131r. Ayarlanabilir omuz ask\u0131s\u0131 sayesinde \u00e7antay\u0131 omuzda rahat\u00e7a ta\u015f\u0131yabilir veya \u00e7apraz bi\u00e7imde kullanarak ellerinizi serbest b\u0131rakabilirsiniz. Omuz ask\u0131s\u0131, yumu\u015fak ve ayarlanabilir bir yap\u0131da oldu\u011fundan uzun s\u00fcreli kullan\u0131mlarda bile konfor sa\u011flar. Bu \u00e7ok y\u00f6nl\u00fc ta\u015f\u0131ma se\u00e7ene\u011fi, \u00e7antay\u0131 hem g\u00fcndelik kullan\u0131mda hem de seyahat esnas\u0131nda ideal bir \u00e7\u00f6z\u00fcm h\u00e2line getirir.<\/p>\n<p>Louis Vuitton Steamer Messenger Postac\u0131 \u00c7antas\u0131, minimalist ama etkileyici bir estetik anlay\u0131\u015fa sahiptir. Temiz hatlar ve dengeli oranlarla tasarlanan bu model, casual jean kombinden smart-casual ya da profesyonel tak\u0131m elbise stiline kadar geni\u015f bir yelpazede etkileyici bir duru\u015f sergiler. Modern ya\u015fam\u0131n ritmine ayak uyduran sade tasar\u0131m\u0131, \u00e7antay\u0131 her ortamda kullan\u0131ma uygun h\u00e2le getirir ve stilinize zarif bir dokunu\u015f ekler.<\/p>\n<p>Fonksiyonellik a\u00e7\u0131s\u0131ndan bu \u00e7anta, modern kullan\u0131c\u0131n\u0131n ihtiya\u00e7 duydu\u011fu t\u00fcm ta\u015f\u0131may\u0131 kolayla\u015ft\u0131ran detaylara sahiptir. Laptop, evrak, ajanda gibi g\u00fcnl\u00fck ta\u015f\u0131ma gereksinimlerini kar\u015f\u0131larken, d\u00fczenli i\u00e7 yap\u0131s\u0131 sayesinde e\u015fyalar\u0131n\u0131z\u0131 kategorize etme imk\u00e2n\u0131 verir. Bu da hem i\u00e7eri\u011fe h\u0131zl\u0131 eri\u015fim sa\u011flar hem de g\u00f6r\u00fcn\u00fcmde d\u00fczenli bir yap\u0131 sunar. \u00c7antan\u0131n koruyucu i\u00e7 yap\u0131s\u0131, de\u011ferli e\u015fyalar\u0131n\u0131z\u0131 g\u00fcvenli \u015fekilde ta\u015f\u0131man\u0131za yard\u0131mc\u0131 olur.<\/p>\n<p>Louis Vuitton Steamer Messenger Postac\u0131 \u00c7antas\u0131, sade ama g\u00fc\u00e7l\u00fc tasar\u0131m\u0131, fonksiyonel i\u00e7 d\u00fczeni ve dayan\u0131kl\u0131 yap\u0131s\u0131yla modern ya\u015fam\u0131n dinamiklerine uyum sa\u011flayan \u00f6zel bir par\u00e7ad\u0131r. Sadelikten \u00f6d\u00fcn vermeyen ama stilini \u00f6n planda tutan kullan\u0131c\u0131lar i\u00e7in g\u00fc\u00e7l\u00fc bir tercihtir. Hem g\u00fcnl\u00fck kullan\u0131mlarda hem de profesyonel ortamlarda etkileyici bir g\u00f6r\u00fcn\u00fcm sunarak gard\u0131robunuzun vazge\u00e7ilmez bir par\u00e7as\u0131 olmaya adayd\u0131r. Her ad\u0131mda stil ve pratikli\u011fi bir arada ya\u015fatan bu model, uzun y\u0131llar kullan\u0131m sa\u011flayacak zamans\u0131z bir tasar\u0131md\u0131r.<\/p>\n","protected":false},"excerpt":{"rendered":"<ul>\n<li>%100 hakiki deri erkek postac\u0131 \u00e7antas\u0131<\/li>\n<li>Seri numaral\u0131<\/li>\n<li>\u0130thal aksesuarl\u0131<\/li>\n<li>Simetrik kesim<\/li>\n<li>Kutulu<\/li>\n<li>Toz torbal\u0131<\/li>\n<li>Sertifikal\u0131<\/li>\n<li>Birebir \u00fcr\u00fcn<\/li>\n<li>\u00d6l\u00e7\u00fcs\u00fc 23.5&#215;17 cm<\/li>\n<\/ul>\n","protected":false},"featured_media":10731,"comment_status":"open","ping_status":"closed","template":"","meta":[],"product_brand":[],"product_cat":[136,73,70,20],"product_tag":[],"class_list":{"0":"post-10727","1":"product","2":"type-product","3":"status-publish","4":"has-post-thumbnail","6":"product_cat-canta","7":"product_cat-louis-vuitton-erkek-canta","8":"product_cat-louis-vuitton","9":"product_cat-urunler","11":"first","12":"instock","13":"shipping-taxable","14":"purchasable","15":"product-type-simple"},"yoast_head":"<!-- This site is optimized with the Yoast SEO plugin v27.4 - https:\/\/yoast.com\/product\/yoast-seo-wordpress\/ -->\n<title>Louis Vuitton Steamer Messenger Postac\u0131 \u00c7antas\u0131 - markacantalar.com<\/title>\n<meta name=\"description\" content=\"Louis Vuitton Steamer Messenger Postac\u0131 \u00c7antas\u0131, sade ama \u015f\u0131k tasar\u0131m\u0131yla g\u00fcnl\u00fck kullan\u0131mda stil ve fonksiyonelli\u011fi bir arada sunar.\" \/>\n<meta name=\"robots\" content=\"index, follow, max-snippet:-1, max-image-preview:large, max-video-preview:-1\" \/>\n<link rel=\"canonical\" href=\"https:\/\/www.markacantalar.com\/index.php\/urun\/louis-vuitton-steamer-messenger-postaci-cantasi\/\" \/>\n<meta property=\"og:locale\" content=\"tr_TR\" \/>\n<meta property=\"og:type\" content=\"article\" \/>\n<meta property=\"og:title\" content=\"Louis Vuitton Steamer Messenger Postac\u0131 \u00c7antas\u0131 - markacantalar.com\" \/>\n<meta property=\"og:description\" content=\"Louis Vuitton Steamer Messenger Postac\u0131 \u00c7antas\u0131, sade ama \u015f\u0131k tasar\u0131m\u0131yla g\u00fcnl\u00fck kullan\u0131mda stil ve fonksiyonelli\u011fi bir arada sunar.\" \/>\n<meta property=\"og:url\" content=\"https:\/\/www.markacantalar.com\/index.php\/urun\/louis-vuitton-steamer-messenger-postaci-cantasi\/\" \/>\n<meta property=\"og:site_name\" content=\"markacantalar.com\" \/>\n<meta property=\"article:modified_time\" content=\"2025-12-22T14:00:42+00:00\" \/>\n<meta property=\"og:image\" content=\"https:\/\/www.markacantalar.com\/wp-content\/uploads\/2023\/04\/louis-vuitton-steamer-messenger-postaci-cantasid.jpg\" \/>\n\t<meta property=\"og:image:width\" content=\"1024\" \/>\n\t<meta property=\"og:image:height\" content=\"1024\" \/>\n\t<meta property=\"og:image:type\" content=\"image\/jpeg\" \/>\n<meta name=\"twitter:card\" content=\"summary_large_image\" \/>\n<meta name=\"twitter:label1\" content=\"Tahmini okuma s\u00fcresi\" \/>\n\t<meta name=\"twitter:data1\" content=\"1 dakika\" \/>\n<script type=\"application\/ld+json\" class=\"yoast-schema-graph\">{\"@context\":\"https:\\\/\\\/schema.org\",\"@graph\":[{\"@type\":\"WebPage\",\"@id\":\"https:\\\/\\\/www.markacantalar.com\\\/index.php\\\/urun\\\/louis-vuitton-steamer-messenger-postaci-cantasi\\\/\",\"url\":\"https:\\\/\\\/www.markacantalar.com\\\/index.php\\\/urun\\\/louis-vuitton-steamer-messenger-postaci-cantasi\\\/\",\"name\":\"Louis Vuitton Steamer Messenger Postac\u0131 \u00c7antas\u0131 - markacantalar.com\",\"isPartOf\":{\"@id\":\"https:\\\/\\\/www.markacantalar.com\\\/#website\"},\"primaryImageOfPage\":{\"@id\":\"https:\\\/\\\/www.markacantalar.com\\\/index.php\\\/urun\\\/louis-vuitton-steamer-messenger-postaci-cantasi\\\/#primaryimage\"},\"image\":{\"@id\":\"https:\\\/\\\/www.markacantalar.com\\\/index.php\\\/urun\\\/louis-vuitton-steamer-messenger-postaci-cantasi\\\/#primaryimage\"},\"thumbnailUrl\":\"https:\\\/\\\/www.markacantalar.com\\\/wp-content\\\/uploads\\\/2023\\\/04\\\/louis-vuitton-steamer-messenger-postaci-cantasid.jpg\",\"datePublished\":\"2023-04-28T19:47:05+00:00\",\"dateModified\":\"2025-12-22T14:00:42+00:00\",\"description\":\"Louis Vuitton Steamer Messenger Postac\u0131 \u00c7antas\u0131, sade ama \u015f\u0131k tasar\u0131m\u0131yla g\u00fcnl\u00fck kullan\u0131mda stil ve fonksiyonelli\u011fi bir arada sunar.\",\"breadcrumb\":{\"@id\":\"https:\\\/\\\/www.markacantalar.com\\\/index.php\\\/urun\\\/louis-vuitton-steamer-messenger-postaci-cantasi\\\/#breadcrumb\"},\"inLanguage\":\"tr\",\"potentialAction\":[{\"@type\":\"ReadAction\",\"target\":[\"https:\\\/\\\/www.markacantalar.com\\\/index.php\\\/urun\\\/louis-vuitton-steamer-messenger-postaci-cantasi\\\/\"]}]},{\"@type\":\"ImageObject\",\"inLanguage\":\"tr\",\"@id\":\"https:\\\/\\\/www.markacantalar.com\\\/index.php\\\/urun\\\/louis-vuitton-steamer-messenger-postaci-cantasi\\\/#primaryimage\",\"url\":\"https:\\\/\\\/www.markacantalar.com\\\/wp-content\\\/uploads\\\/2023\\\/04\\\/louis-vuitton-steamer-messenger-postaci-cantasid.jpg\",\"contentUrl\":\"https:\\\/\\\/www.markacantalar.com\\\/wp-content\\\/uploads\\\/2023\\\/04\\\/louis-vuitton-steamer-messenger-postaci-cantasid.jpg\",\"width\":1024,\"height\":1024},{\"@type\":\"BreadcrumbList\",\"@id\":\"https:\\\/\\\/www.markacantalar.com\\\/index.php\\\/urun\\\/louis-vuitton-steamer-messenger-postaci-cantasi\\\/#breadcrumb\",\"itemListElement\":[{\"@type\":\"ListItem\",\"position\":1,\"name\":\"Anasayfa\",\"item\":\"https:\\\/\\\/www.markacantalar.com\\\/\"},{\"@type\":\"ListItem\",\"position\":2,\"name\":\"Ma\u011faza\",\"item\":\"https:\\\/\\\/www.markacantalar.com\\\/index.php\\\/magaza\\\/\"},{\"@type\":\"ListItem\",\"position\":3,\"name\":\"Louis Vuitton Steamer Messenger Postac\u0131 \u00c7antas\u0131\"}]},{\"@type\":\"WebSite\",\"@id\":\"https:\\\/\\\/www.markacantalar.com\\\/#website\",\"url\":\"https:\\\/\\\/www.markacantalar.com\\\/\",\"name\":\"markacantalar.com\",\"description\":\"Orijinal ve Birebir Replika \u0130thal D\u00fcnya Markas\u0131 \u00c7anta C\u00fczdan Ayakkab\u0131 Terlik Valiz\",\"potentialAction\":[{\"@type\":\"SearchAction\",\"target\":{\"@type\":\"EntryPoint\",\"urlTemplate\":\"https:\\\/\\\/www.markacantalar.com\\\/?s={search_term_string}\"},\"query-input\":{\"@type\":\"PropertyValueSpecification\",\"valueRequired\":true,\"valueName\":\"search_term_string\"}}],\"inLanguage\":\"tr\"}]}<\/script>\n<!-- \/ Yoast SEO plugin. -->","yoast_head_json":{"title":"Louis Vuitton Steamer Messenger Postac\u0131 \u00c7antas\u0131 - markacantalar.com","description":"Louis Vuitton Steamer Messenger Postac\u0131 \u00c7antas\u0131, sade ama \u015f\u0131k tasar\u0131m\u0131yla g\u00fcnl\u00fck kullan\u0131mda stil ve fonksiyonelli\u011fi bir arada sunar.","robots":{"index":"index","follow":"follow","max-snippet":"max-snippet:-1","max-image-preview":"max-image-preview:large","max-video-preview":"max-video-preview:-1"},"canonical":"https:\/\/www.markacantalar.com\/index.php\/urun\/louis-vuitton-steamer-messenger-postaci-cantasi\/","og_locale":"tr_TR","og_type":"article","og_title":"Louis Vuitton Steamer Messenger Postac\u0131 \u00c7antas\u0131 - markacantalar.com","og_description":"Louis Vuitton Steamer Messenger Postac\u0131 \u00c7antas\u0131, sade ama \u015f\u0131k tasar\u0131m\u0131yla g\u00fcnl\u00fck kullan\u0131mda stil ve fonksiyonelli\u011fi bir arada sunar.","og_url":"https:\/\/www.markacantalar.com\/index.php\/urun\/louis-vuitton-steamer-messenger-postaci-cantasi\/","og_site_name":"markacantalar.com","article_modified_time":"2025-12-22T14:00:42+00:00","og_image":[{"width":1024,"height":1024,"url":"https:\/\/www.markacantalar.com\/wp-content\/uploads\/2023\/04\/louis-vuitton-steamer-messenger-postaci-cantasid.jpg","type":"image\/jpeg"}],"twitter_card":"summary_large_image","twitter_misc":{"Tahmini okuma s\u00fcresi":"1 dakika"},"schema":{"@context":"https:\/\/schema.org","@graph":[{"@type":"WebPage","@id":"https:\/\/www.markacantalar.com\/index.php\/urun\/louis-vuitton-steamer-messenger-postaci-cantasi\/","url":"https:\/\/www.markacantalar.com\/index.php\/urun\/louis-vuitton-steamer-messenger-postaci-cantasi\/","name":"Louis Vuitton Steamer Messenger Postac\u0131 \u00c7antas\u0131 - markacantalar.com","isPartOf":{"@id":"https:\/\/www.markacantalar.com\/#website"},"primaryImageOfPage":{"@id":"https:\/\/www.markacantalar.com\/index.php\/urun\/louis-vuitton-steamer-messenger-postaci-cantasi\/#primaryimage"},"image":{"@id":"https:\/\/www.markacantalar.com\/index.php\/urun\/louis-vuitton-steamer-messenger-postaci-cantasi\/#primaryimage"},"thumbnailUrl":"https:\/\/www.markacantalar.com\/wp-content\/uploads\/2023\/04\/louis-vuitton-steamer-messenger-postaci-cantasid.jpg","datePublished":"2023-04-28T19:47:05+00:00","dateModified":"2025-12-22T14:00:42+00:00","description":"Louis Vuitton Steamer Messenger Postac\u0131 \u00c7antas\u0131, sade ama \u015f\u0131k tasar\u0131m\u0131yla g\u00fcnl\u00fck kullan\u0131mda stil ve fonksiyonelli\u011fi bir arada sunar.","breadcrumb":{"@id":"https:\/\/www.markacantalar.com\/index.php\/urun\/louis-vuitton-steamer-messenger-postaci-cantasi\/#breadcrumb"},"inLanguage":"tr","potentialAction":[{"@type":"ReadAction","target":["https:\/\/www.markacantalar.com\/index.php\/urun\/louis-vuitton-steamer-messenger-postaci-cantasi\/"]}]},{"@type":"ImageObject","inLanguage":"tr","@id":"https:\/\/www.markacantalar.com\/index.php\/urun\/louis-vuitton-steamer-messenger-postaci-cantasi\/#primaryimage","url":"https:\/\/www.markacantalar.com\/wp-content\/uploads\/2023\/04\/louis-vuitton-steamer-messenger-postaci-cantasid.jpg","contentUrl":"https:\/\/www.markacantalar.com\/wp-content\/uploads\/2023\/04\/louis-vuitton-steamer-messenger-postaci-cantasid.jpg","width":1024,"height":1024},{"@type":"BreadcrumbList","@id":"https:\/\/www.markacantalar.com\/index.php\/urun\/louis-vuitton-steamer-messenger-postaci-cantasi\/#breadcrumb","itemListElement":[{"@type":"ListItem","position":1,"name":"Anasayfa","item":"https:\/\/www.markacantalar.com\/"},{"@type":"ListItem","position":2,"name":"Ma\u011faza","item":"https:\/\/www.markacantalar.com\/index.php\/magaza\/"},{"@type":"ListItem","position":3,"name":"Louis Vuitton Steamer Messenger Postac\u0131 \u00c7antas\u0131"}]},{"@type":"WebSite","@id":"https:\/\/www.markacantalar.com\/#website","url":"https:\/\/www.markacantalar.com\/","name":"markacantalar.com","description":"Orijinal ve Birebir Replika \u0130thal D\u00fcnya Markas\u0131 \u00c7anta C\u00fczdan Ayakkab\u0131 Terlik Valiz","potentialAction":[{"@type":"SearchAction","target":{"@type":"EntryPoint","urlTemplate":"https:\/\/www.markacantalar.com\/?s={search_term_string}"},"query-input":{"@type":"PropertyValueSpecification","valueRequired":true,"valueName":"search_term_string"}}],"inLanguage":"tr"}]}},"_links":{"self":[{"href":"https:\/\/www.markacantalar.com\/index.php\/wp-json\/wp\/v2\/product\/10727","targetHints":{"allow":["GET"]}}],"collection":[{"href":"https:\/\/www.markacantalar.com\/index.php\/wp-json\/wp\/v2\/product"}],"about":[{"href":"https:\/\/www.markacantalar.com\/index.php\/wp-json\/wp\/v2\/types\/product"}],"replies":[{"embeddable":true,"href":"https:\/\/www.markacantalar.com\/index.php\/wp-json\/wp\/v2\/comments?post=10727"}],"version-history":[{"count":2,"href":"https:\/\/www.markacantalar.com\/index.php\/wp-json\/wp\/v2\/product\/10727\/revisions"}],"predecessor-version":[{"id":22616,"href":"https:\/\/www.markacantalar.com\/index.php\/wp-json\/wp\/v2\/product\/10727\/revisions\/22616"}],"wp:featuredmedia":[{"embeddable":true,"href":"https:\/\/www.markacantalar.com\/index.php\/wp-json\/wp\/v2\/media\/10731"}],"wp:attachment":[{"href":"https:\/\/www.markacantalar.com\/index.php\/wp-json\/wp\/v2\/media?parent=10727"}],"wp:term":[{"taxonomy":"product_brand","embeddable":true,"href":"https:\/\/www.markacantalar.com\/index.php\/wp-json\/wp\/v2\/product_brand?post=10727"},{"taxonomy":"product_cat","embeddable":true,"href":"https:\/\/www.markacantalar.com\/index.php\/wp-json\/wp\/v2\/product_cat?post=10727"},{"taxonomy":"product_tag","embeddable":true,"href":"https:\/\/www.markacantalar.com\/index.php\/wp-json\/wp\/v2\/product_tag?post=10727"}],"curies":[{"name":"wp","href":"https:\/\/api.w.org\/{rel}","templated":true}]}}