{"id":9675,"date":"2023-04-09T12:40:47","date_gmt":"2023-04-09T09:40:47","guid":{"rendered":"https:\/\/www.markacantalar.com\/?page_id=9675"},"modified":"2023-04-09T12:44:32","modified_gmt":"2023-04-09T09:44:32","slug":"wishlist","status":"publish","type":"page","link":"https:\/\/www.markacantalar.com\/index.php\/wishlist\/","title":{"rendered":"Be\u011fendiklerim"},"content":{"rendered":"\t\t<div data-elementor-type=\"wp-page\" data-elementor-id=\"9675\" class=\"elementor elementor-9675\">\n\t\t\t\t\t\t<section class=\"wd-negative-gap elementor-section elementor-top-section elementor-element elementor-element-859f68c elementor-section-boxed elementor-section-height-default elementor-section-height-default\" data-id=\"859f68c\" data-element_type=\"section\" data-e-type=\"section\">\n\t\t\t\t\t\t<div class=\"elementor-container elementor-column-gap-default\">\n\t\t\t\t\t<div class=\"elementor-column elementor-col-100 elementor-top-column elementor-element elementor-element-2c4d437\" data-id=\"2c4d437\" data-element_type=\"column\" data-e-type=\"column\">\n\t\t\t<div class=\"elementor-widget-wrap elementor-element-populated\">\n\t\t\t\t\t\t<div class=\"elementor-element elementor-element-fbee64c elementor-widget elementor-widget-wd_wishlist\" data-id=\"fbee64c\" data-element_type=\"widget\" data-e-type=\"widget\" data-widget_type=\"wd_wishlist.default\">\n\t\t\t\t<div class=\"elementor-widget-container\">\n\t\t\t\t\t\t\t\n\t\t\n\t\t<div class=\"\">\n\t\t\t\t\t\t<div class=\"wd-wishlist-content\">\n\t\t\t\t\t\t\t\t\t\t\t\n\t\t<p class=\"wd-empty-wishlist wd-empty-page\">\n\t\t\tBe\u011feni Listeniz Hen\u00fcz Bo\u015f\t\t<\/p>\n\n\t\t\t\t\t<div class=\"wd-empty-page-text\">\n\t\t\t\tBe\u011feni listenizde hen\u00fcz \u00fcr\u00fcn yok. <br> \"Ma\u011faza\" sayfam\u0131zda pek \u00e7ok ilgin\u00e7 \u00fcr\u00fcn bulacaks\u0131n\u0131z.\t\t\t<\/div>\n\t\t\n\t\t\n\t\t\t\t\t<p class=\"return-to-shop\">\n\t\t\t\t<a class=\"button\" href=\"https:\/\/www.markacantalar.com\/index.php\/magaza\/\">\n\t\t\t\t\tAl\u0131\u015fveri\u015fe D\u00f6n\t\t\t\t<\/a>\n\t\t\t<\/p>\n\t\t\t\t\t\t\t\t\t\t\t<\/div>\n\t\t\t\t<\/div>\n\t\t\t\t\t\t<\/div>\n\t\t\t\t<\/div>\n\t\t\t\t\t<\/div>\n\t\t<\/div>\n\t\t\t\t\t<\/div>\n\t\t<\/section>\n\t\t\t\t<\/div>\n\t\t","protected":false},"excerpt":{"rendered":"<p>Hesab\u0131m Pano Sipari\u015fler \u0130ndirmeler Hesap detaylar\u0131 \u00c7IKI\u015e YAP Your products wishlist Share: Remove Select all Deselect all Remove Kar\u015f\u0131la\u015ft\u0131r Chanel<\/p>\n","protected":false},"author":1,"featured_media":0,"parent":0,"menu_order":0,"comment_status":"closed","ping_status":"closed","template":"","meta":{"footnotes":""},"class_list":["post-9675","page","type-page","status-publish","hentry"],"yoast_head":"<!-- This site is optimized with the Yoast SEO plugin v27.4 - https:\/\/yoast.com\/product\/yoast-seo-wordpress\/ -->\n<title>Be\u011fendiklerim - markacantalar.com<\/title>\n<meta name=\"robots\" content=\"index, follow, max-snippet:-1, max-image-preview:large, max-video-preview:-1\" \/>\n<link rel=\"canonical\" href=\"https:\/\/www.markacantalar.com\/index.php\/wishlist\/\" \/>\n<meta property=\"og:locale\" content=\"tr_TR\" \/>\n<meta property=\"og:type\" content=\"article\" \/>\n<meta property=\"og:title\" content=\"Be\u011fendiklerim - markacantalar.com\" \/>\n<meta property=\"og:description\" content=\"Hesab\u0131m Pano Sipari\u015fler \u0130ndirmeler Hesap detaylar\u0131 \u00c7IKI\u015e YAP Your products wishlist Share: Remove Select all Deselect all Remove Kar\u015f\u0131la\u015ft\u0131r Chanel\" \/>\n<meta property=\"og:url\" content=\"https:\/\/www.markacantalar.com\/index.php\/wishlist\/\" \/>\n<meta property=\"og:site_name\" content=\"markacantalar.com\" \/>\n<meta property=\"article:modified_time\" content=\"2023-04-09T09:44:32+00:00\" \/>\n<meta property=\"og:image\" content=\"https:\/\/www.markacantalar.com\/wp-content\/uploads\/2023\/03\/chanel6-430x430.png\" \/>\n<meta name=\"twitter:card\" content=\"summary_large_image\" \/>\n<meta name=\"twitter:label1\" content=\"Tahmini okuma s\u00fcresi\" \/>\n\t<meta name=\"twitter:data1\" content=\"1 dakika\" \/>\n<script type=\"application\/ld+json\" class=\"yoast-schema-graph\">{\"@context\":\"https:\\\/\\\/schema.org\",\"@graph\":[{\"@type\":\"WebPage\",\"@id\":\"https:\\\/\\\/www.markacantalar.com\\\/index.php\\\/wishlist\\\/\",\"url\":\"https:\\\/\\\/www.markacantalar.com\\\/index.php\\\/wishlist\\\/\",\"name\":\"Be\u011fendiklerim - markacantalar.com\",\"isPartOf\":{\"@id\":\"https:\\\/\\\/www.markacantalar.com\\\/#website\"},\"primaryImageOfPage\":{\"@id\":\"https:\\\/\\\/www.markacantalar.com\\\/index.php\\\/wishlist\\\/#primaryimage\"},\"image\":{\"@id\":\"https:\\\/\\\/www.markacantalar.com\\\/index.php\\\/wishlist\\\/#primaryimage\"},\"thumbnailUrl\":\"https:\\\/\\\/www.markacantalar.com\\\/wp-content\\\/uploads\\\/2023\\\/03\\\/chanel6-430x430.png\",\"datePublished\":\"2023-04-09T09:40:47+00:00\",\"dateModified\":\"2023-04-09T09:44:32+00:00\",\"breadcrumb\":{\"@id\":\"https:\\\/\\\/www.markacantalar.com\\\/index.php\\\/wishlist\\\/#breadcrumb\"},\"inLanguage\":\"tr\",\"potentialAction\":[{\"@type\":\"ReadAction\",\"target\":[\"https:\\\/\\\/www.markacantalar.com\\\/index.php\\\/wishlist\\\/\"]}]},{\"@type\":\"ImageObject\",\"inLanguage\":\"tr\",\"@id\":\"https:\\\/\\\/www.markacantalar.com\\\/index.php\\\/wishlist\\\/#primaryimage\",\"url\":\"https:\\\/\\\/www.markacantalar.com\\\/wp-content\\\/uploads\\\/2023\\\/03\\\/chanel6.png\",\"contentUrl\":\"https:\\\/\\\/www.markacantalar.com\\\/wp-content\\\/uploads\\\/2023\\\/03\\\/chanel6.png\",\"width\":800,\"height\":800},{\"@type\":\"BreadcrumbList\",\"@id\":\"https:\\\/\\\/www.markacantalar.com\\\/index.php\\\/wishlist\\\/#breadcrumb\",\"itemListElement\":[{\"@type\":\"ListItem\",\"position\":1,\"name\":\"Anasayfa\",\"item\":\"https:\\\/\\\/www.markacantalar.com\\\/\"},{\"@type\":\"ListItem\",\"position\":2,\"name\":\"Be\u011fendiklerim\"}]},{\"@type\":\"WebSite\",\"@id\":\"https:\\\/\\\/www.markacantalar.com\\\/#website\",\"url\":\"https:\\\/\\\/www.markacantalar.com\\\/\",\"name\":\"markacantalar.com\",\"description\":\"Orijinal ve Birebir Replika \u0130thal D\u00fcnya Markas\u0131 \u00c7anta C\u00fczdan Ayakkab\u0131 Terlik Valiz\",\"potentialAction\":[{\"@type\":\"SearchAction\",\"target\":{\"@type\":\"EntryPoint\",\"urlTemplate\":\"https:\\\/\\\/www.markacantalar.com\\\/?s={search_term_string}\"},\"query-input\":{\"@type\":\"PropertyValueSpecification\",\"valueRequired\":true,\"valueName\":\"search_term_string\"}}],\"inLanguage\":\"tr\"}]}<\/script>\n<!-- \/ Yoast SEO plugin. -->","yoast_head_json":{"title":"Be\u011fendiklerim - markacantalar.com","robots":{"index":"index","follow":"follow","max-snippet":"max-snippet:-1","max-image-preview":"max-image-preview:large","max-video-preview":"max-video-preview:-1"},"canonical":"https:\/\/www.markacantalar.com\/index.php\/wishlist\/","og_locale":"tr_TR","og_type":"article","og_title":"Be\u011fendiklerim - markacantalar.com","og_description":"Hesab\u0131m Pano Sipari\u015fler \u0130ndirmeler Hesap detaylar\u0131 \u00c7IKI\u015e YAP Your products wishlist Share: Remove Select all Deselect all Remove Kar\u015f\u0131la\u015ft\u0131r Chanel","og_url":"https:\/\/www.markacantalar.com\/index.php\/wishlist\/","og_site_name":"markacantalar.com","article_modified_time":"2023-04-09T09:44:32+00:00","og_image":[{"url":"https:\/\/www.markacantalar.com\/wp-content\/uploads\/2023\/03\/chanel6-430x430.png","type":"","width":"","height":""}],"twitter_card":"summary_large_image","twitter_misc":{"Tahmini okuma s\u00fcresi":"1 dakika"},"schema":{"@context":"https:\/\/schema.org","@graph":[{"@type":"WebPage","@id":"https:\/\/www.markacantalar.com\/index.php\/wishlist\/","url":"https:\/\/www.markacantalar.com\/index.php\/wishlist\/","name":"Be\u011fendiklerim - markacantalar.com","isPartOf":{"@id":"https:\/\/www.markacantalar.com\/#website"},"primaryImageOfPage":{"@id":"https:\/\/www.markacantalar.com\/index.php\/wishlist\/#primaryimage"},"image":{"@id":"https:\/\/www.markacantalar.com\/index.php\/wishlist\/#primaryimage"},"thumbnailUrl":"https:\/\/www.markacantalar.com\/wp-content\/uploads\/2023\/03\/chanel6-430x430.png","datePublished":"2023-04-09T09:40:47+00:00","dateModified":"2023-04-09T09:44:32+00:00","breadcrumb":{"@id":"https:\/\/www.markacantalar.com\/index.php\/wishlist\/#breadcrumb"},"inLanguage":"tr","potentialAction":[{"@type":"ReadAction","target":["https:\/\/www.markacantalar.com\/index.php\/wishlist\/"]}]},{"@type":"ImageObject","inLanguage":"tr","@id":"https:\/\/www.markacantalar.com\/index.php\/wishlist\/#primaryimage","url":"https:\/\/www.markacantalar.com\/wp-content\/uploads\/2023\/03\/chanel6.png","contentUrl":"https:\/\/www.markacantalar.com\/wp-content\/uploads\/2023\/03\/chanel6.png","width":800,"height":800},{"@type":"BreadcrumbList","@id":"https:\/\/www.markacantalar.com\/index.php\/wishlist\/#breadcrumb","itemListElement":[{"@type":"ListItem","position":1,"name":"Anasayfa","item":"https:\/\/www.markacantalar.com\/"},{"@type":"ListItem","position":2,"name":"Be\u011fendiklerim"}]},{"@type":"WebSite","@id":"https:\/\/www.markacantalar.com\/#website","url":"https:\/\/www.markacantalar.com\/","name":"markacantalar.com","description":"Orijinal ve Birebir Replika \u0130thal D\u00fcnya Markas\u0131 \u00c7anta C\u00fczdan Ayakkab\u0131 Terlik Valiz","potentialAction":[{"@type":"SearchAction","target":{"@type":"EntryPoint","urlTemplate":"https:\/\/www.markacantalar.com\/?s={search_term_string}"},"query-input":{"@type":"PropertyValueSpecification","valueRequired":true,"valueName":"search_term_string"}}],"inLanguage":"tr"}]}},"_links":{"self":[{"href":"https:\/\/www.markacantalar.com\/index.php\/wp-json\/wp\/v2\/pages\/9675","targetHints":{"allow":["GET"]}}],"collection":[{"href":"https:\/\/www.markacantalar.com\/index.php\/wp-json\/wp\/v2\/pages"}],"about":[{"href":"https:\/\/www.markacantalar.com\/index.php\/wp-json\/wp\/v2\/types\/page"}],"author":[{"embeddable":true,"href":"https:\/\/www.markacantalar.com\/index.php\/wp-json\/wp\/v2\/users\/1"}],"replies":[{"embeddable":true,"href":"https:\/\/www.markacantalar.com\/index.php\/wp-json\/wp\/v2\/comments?post=9675"}],"version-history":[{"count":0,"href":"https:\/\/www.markacantalar.com\/index.php\/wp-json\/wp\/v2\/pages\/9675\/revisions"}],"wp:attachment":[{"href":"https:\/\/www.markacantalar.com\/index.php\/wp-json\/wp\/v2\/media?parent=9675"}],"curies":[{"name":"wp","href":"https:\/\/api.w.org\/{rel}","templated":true}]}}