{"id":8557,"date":"2023-03-26T18:02:15","date_gmt":"2023-03-26T15:02:15","guid":{"rendered":"https:\/\/www.markacantalar.com\/?page_id=8557"},"modified":"2023-03-26T18:04:31","modified_gmt":"2023-03-26T15:04:31","slug":"sikca-sorulan-sorular","status":"publish","type":"page","link":"https:\/\/www.markacantalar.com\/index.php\/sikca-sorulan-sorular\/","title":{"rendered":"SIK\u00c7A SORULAN SORULAR"},"content":{"rendered":"\t\t<div data-elementor-type=\"wp-page\" data-elementor-id=\"8557\" class=\"elementor elementor-8557\">\n\t\t\t\t\t\t<section class=\"wd-negative-gap elementor-section elementor-top-section elementor-element elementor-element-5ca95bc elementor-section-boxed elementor-section-height-default elementor-section-height-default\" data-id=\"5ca95bc\" data-element_type=\"section\" data-e-type=\"section\">\n\t\t\t\t\t\t<div class=\"elementor-container elementor-column-gap-default\">\n\t\t\t\t\t<div class=\"elementor-column elementor-col-100 elementor-top-column elementor-element elementor-element-19562d0\" data-id=\"19562d0\" data-element_type=\"column\" data-e-type=\"column\">\n\t\t\t<div class=\"elementor-widget-wrap elementor-element-populated\">\n\t\t\t\t\t\t<div class=\"elementor-element elementor-element-9312ad2 elementor-widget elementor-widget-accordion\" data-id=\"9312ad2\" data-element_type=\"widget\" data-e-type=\"widget\" data-widget_type=\"accordion.default\">\n\t\t\t\t<div class=\"elementor-widget-container\">\n\t\t\t\t\t\t\t<div class=\"elementor-accordion\">\n\t\t\t\t\t\t\t<div class=\"elementor-accordion-item\">\n\t\t\t\t\t<div id=\"elementor-tab-title-1541\" class=\"elementor-tab-title\" data-tab=\"1\" role=\"button\" aria-controls=\"elementor-tab-content-1541\" aria-expanded=\"false\">\n\t\t\t\t\t\t\t\t\t\t\t\t\t<span class=\"elementor-accordion-icon elementor-accordion-icon-left\" aria-hidden=\"true\">\n\t\t\t\t\t\t\t\t\t\t\t\t\t\t\t<span class=\"elementor-accordion-icon-closed\"><i class=\"fas fa-plus\"><\/i><\/span>\n\t\t\t\t\t\t\t\t<span class=\"elementor-accordion-icon-opened\"><i class=\"fas fa-minus\"><\/i><\/span>\n\t\t\t\t\t\t\t\t\t\t\t\t\t\t<\/span>\n\t\t\t\t\t\t\t\t\t\t\t\t<a class=\"elementor-accordion-title\" tabindex=\"0\">\u00dcr\u00fcnler Orijinal Mi?<\/a>\n\t\t\t\t\t<\/div>\n\t\t\t\t\t<div id=\"elementor-tab-content-1541\" class=\"elementor-tab-content elementor-clearfix\" data-tab=\"1\" role=\"region\" aria-labelledby=\"elementor-tab-title-1541\"><div class=\"mt-4 font-light\">Orijinaliyle Bire Bir \u00dcr\u00fcnleri En uygun Fiyat Avantaj\u0131yla Sizin \u0130\u00e7in Temin Etmekteyiz.<\/div><\/div>\n\t\t\t\t<\/div>\n\t\t\t\t\t\t\t<div class=\"elementor-accordion-item\">\n\t\t\t\t\t<div id=\"elementor-tab-title-1542\" class=\"elementor-tab-title\" data-tab=\"2\" role=\"button\" aria-controls=\"elementor-tab-content-1542\" aria-expanded=\"false\">\n\t\t\t\t\t\t\t\t\t\t\t\t\t<span class=\"elementor-accordion-icon elementor-accordion-icon-left\" aria-hidden=\"true\">\n\t\t\t\t\t\t\t\t\t\t\t\t\t\t\t<span class=\"elementor-accordion-icon-closed\"><i class=\"fas fa-plus\"><\/i><\/span>\n\t\t\t\t\t\t\t\t<span class=\"elementor-accordion-icon-opened\"><i class=\"fas fa-minus\"><\/i><\/span>\n\t\t\t\t\t\t\t\t\t\t\t\t\t\t<\/span>\n\t\t\t\t\t\t\t\t\t\t\t\t<a class=\"elementor-accordion-title\" tabindex=\"0\">Hangi \u00d6deme Y\u00f6ntemlerini Kullanabilirim?<\/a>\n\t\t\t\t\t<\/div>\n\t\t\t\t\t<div id=\"elementor-tab-content-1542\" class=\"elementor-tab-content elementor-clearfix\" data-tab=\"2\" role=\"region\" aria-labelledby=\"elementor-tab-title-1542\"><div class=\"mt-4 font-light\">Kap\u0131da Kredi kart\u0131 veya Nakit, Dilerseniz Havale veya Eft olarak da g\u00fcvenli bir \u015fekilde \u00f6deme yapabilirsiniz.<\/div><\/div>\n\t\t\t\t<\/div>\n\t\t\t\t\t\t\t<div class=\"elementor-accordion-item\">\n\t\t\t\t\t<div id=\"elementor-tab-title-1543\" class=\"elementor-tab-title\" data-tab=\"3\" role=\"button\" aria-controls=\"elementor-tab-content-1543\" aria-expanded=\"false\">\n\t\t\t\t\t\t\t\t\t\t\t\t\t<span class=\"elementor-accordion-icon elementor-accordion-icon-left\" aria-hidden=\"true\">\n\t\t\t\t\t\t\t\t\t\t\t\t\t\t\t<span class=\"elementor-accordion-icon-closed\"><i class=\"fas fa-plus\"><\/i><\/span>\n\t\t\t\t\t\t\t\t<span class=\"elementor-accordion-icon-opened\"><i class=\"fas fa-minus\"><\/i><\/span>\n\t\t\t\t\t\t\t\t\t\t\t\t\t\t<\/span>\n\t\t\t\t\t\t\t\t\t\t\t\t<a class=\"elementor-accordion-title\" tabindex=\"0\">Kargo \u00dccreti Nas\u0131l Hesaplan\u0131yor?<\/a>\n\t\t\t\t\t<\/div>\n\t\t\t\t\t<div id=\"elementor-tab-content-1543\" class=\"elementor-tab-content elementor-clearfix\" data-tab=\"3\" role=\"region\" aria-labelledby=\"elementor-tab-title-1543\"><div class=\"mt-4 font-light\">T\u00fcrkiye i\u00e7i Kargo \u00dccretsizdir. Yurt D\u0131\u015f\u0131 Kargo \u00dccreti \u00dcr\u00fcn Fiyat\u0131na Eklenmektedir.<\/div><\/div>\n\t\t\t\t<\/div>\n\t\t\t\t\t\t\t<div class=\"elementor-accordion-item\">\n\t\t\t\t\t<div id=\"elementor-tab-title-1544\" class=\"elementor-tab-title\" data-tab=\"4\" role=\"button\" aria-controls=\"elementor-tab-content-1544\" aria-expanded=\"false\">\n\t\t\t\t\t\t\t\t\t\t\t\t\t<span class=\"elementor-accordion-icon elementor-accordion-icon-left\" aria-hidden=\"true\">\n\t\t\t\t\t\t\t\t\t\t\t\t\t\t\t<span class=\"elementor-accordion-icon-closed\"><i class=\"fas fa-plus\"><\/i><\/span>\n\t\t\t\t\t\t\t\t<span class=\"elementor-accordion-icon-opened\"><i class=\"fas fa-minus\"><\/i><\/span>\n\t\t\t\t\t\t\t\t\t\t\t\t\t\t<\/span>\n\t\t\t\t\t\t\t\t\t\t\t\t<a class=\"elementor-accordion-title\" tabindex=\"0\">Sizinle Nas\u0131l \u0130leti\u015fim Kurabilirim?<\/a>\n\t\t\t\t\t<\/div>\n\t\t\t\t\t<div id=\"elementor-tab-content-1544\" class=\"elementor-tab-content elementor-clearfix\" data-tab=\"4\" role=\"region\" aria-labelledby=\"elementor-tab-title-1544\"><div class=\"mt-4 font-light\">WhatsApp Destek Hatt\u0131m\u0131z Size Yard\u0131mc\u0131 Olmak \u0130\u00e7in S\u00fcrekli A\u00e7\u0131kt\u0131r<\/div><\/div>\n\t\t\t\t<\/div>\n\t\t\t\t\t\t\t<div class=\"elementor-accordion-item\">\n\t\t\t\t\t<div id=\"elementor-tab-title-1545\" class=\"elementor-tab-title\" data-tab=\"5\" role=\"button\" aria-controls=\"elementor-tab-content-1545\" aria-expanded=\"false\">\n\t\t\t\t\t\t\t\t\t\t\t\t\t<span class=\"elementor-accordion-icon elementor-accordion-icon-left\" aria-hidden=\"true\">\n\t\t\t\t\t\t\t\t\t\t\t\t\t\t\t<span class=\"elementor-accordion-icon-closed\"><i class=\"fas fa-plus\"><\/i><\/span>\n\t\t\t\t\t\t\t\t<span class=\"elementor-accordion-icon-opened\"><i class=\"fas fa-minus\"><\/i><\/span>\n\t\t\t\t\t\t\t\t\t\t\t\t\t\t<\/span>\n\t\t\t\t\t\t\t\t\t\t\t\t<a class=\"elementor-accordion-title\" tabindex=\"0\">\u00dcr\u00fcnle \u0130lgili Sorun Ya\u015farsam Nas\u0131l Destek Olursunuz?<\/a>\n\t\t\t\t\t<\/div>\n\t\t\t\t\t<div id=\"elementor-tab-content-1545\" class=\"elementor-tab-content elementor-clearfix\" data-tab=\"5\" role=\"region\" aria-labelledby=\"elementor-tab-title-1545\"><div class=\"mt-4 font-light\">Kullan\u0131c\u0131 Hatas\u0131 D\u0131\u015f\u0131ndaki Sorunlarda, \u00dcr\u00fcnlerin De\u011fi\u015fim ve \u0130ade Garantisi Mevcuttur<\/div><\/div>\n\t\t\t\t<\/div>\n\t\t\t\t\t\t\t\t<\/div>\n\t\t\t\t\t\t<\/div>\n\t\t\t\t<\/div>\n\t\t\t\t\t<\/div>\n\t\t<\/div>\n\t\t\t\t\t<\/div>\n\t\t<\/section>\n\t\t\t\t<\/div>\n\t\t","protected":false},"excerpt":{"rendered":"<p>\u00dcr\u00fcnler Orijinal Mi? Orijinaliyle Bire Bir \u00dcr\u00fcnleri En uygun Fiyat Avantaj\u0131yla Sizin \u0130\u00e7in Temin Etmekteyiz. Hangi \u00d6deme Y\u00f6ntemlerini Kullanabilirim? Kap\u0131da<\/p>\n","protected":false},"author":1,"featured_media":0,"parent":0,"menu_order":0,"comment_status":"closed","ping_status":"closed","template":"","meta":{"footnotes":""},"class_list":["post-8557","page","type-page","status-publish","hentry"],"yoast_head":"<!-- This site is optimized with the Yoast SEO plugin v27.4 - https:\/\/yoast.com\/product\/yoast-seo-wordpress\/ -->\n<title>SIK\u00c7A SORULAN SORULAR - markacantalar.com<\/title>\n<meta name=\"robots\" content=\"index, follow, max-snippet:-1, max-image-preview:large, max-video-preview:-1\" \/>\n<link rel=\"canonical\" href=\"https:\/\/www.markacantalar.com\/index.php\/sikca-sorulan-sorular\/\" \/>\n<meta property=\"og:locale\" content=\"tr_TR\" \/>\n<meta property=\"og:type\" content=\"article\" \/>\n<meta property=\"og:title\" content=\"SIK\u00c7A SORULAN SORULAR - markacantalar.com\" \/>\n<meta property=\"og:description\" content=\"\u00dcr\u00fcnler Orijinal Mi? Orijinaliyle Bire Bir \u00dcr\u00fcnleri En uygun Fiyat Avantaj\u0131yla Sizin \u0130\u00e7in Temin Etmekteyiz. Hangi \u00d6deme Y\u00f6ntemlerini Kullanabilirim? Kap\u0131da\" \/>\n<meta property=\"og:url\" content=\"https:\/\/www.markacantalar.com\/index.php\/sikca-sorulan-sorular\/\" \/>\n<meta property=\"og:site_name\" content=\"markacantalar.com\" \/>\n<meta property=\"article:modified_time\" content=\"2023-03-26T15:04:31+00:00\" \/>\n<meta name=\"twitter:card\" content=\"summary_large_image\" \/>\n<meta name=\"twitter:label1\" content=\"Tahmini okuma s\u00fcresi\" \/>\n\t<meta name=\"twitter:data1\" content=\"1 dakika\" \/>\n<script type=\"application\/ld+json\" class=\"yoast-schema-graph\">{\"@context\":\"https:\\\/\\\/schema.org\",\"@graph\":[{\"@type\":\"WebPage\",\"@id\":\"https:\\\/\\\/www.markacantalar.com\\\/index.php\\\/sikca-sorulan-sorular\\\/\",\"url\":\"https:\\\/\\\/www.markacantalar.com\\\/index.php\\\/sikca-sorulan-sorular\\\/\",\"name\":\"SIK\u00c7A SORULAN SORULAR - markacantalar.com\",\"isPartOf\":{\"@id\":\"https:\\\/\\\/www.markacantalar.com\\\/#website\"},\"datePublished\":\"2023-03-26T15:02:15+00:00\",\"dateModified\":\"2023-03-26T15:04:31+00:00\",\"breadcrumb\":{\"@id\":\"https:\\\/\\\/www.markacantalar.com\\\/index.php\\\/sikca-sorulan-sorular\\\/#breadcrumb\"},\"inLanguage\":\"tr\",\"potentialAction\":[{\"@type\":\"ReadAction\",\"target\":[\"https:\\\/\\\/www.markacantalar.com\\\/index.php\\\/sikca-sorulan-sorular\\\/\"]}]},{\"@type\":\"BreadcrumbList\",\"@id\":\"https:\\\/\\\/www.markacantalar.com\\\/index.php\\\/sikca-sorulan-sorular\\\/#breadcrumb\",\"itemListElement\":[{\"@type\":\"ListItem\",\"position\":1,\"name\":\"Anasayfa\",\"item\":\"https:\\\/\\\/www.markacantalar.com\\\/\"},{\"@type\":\"ListItem\",\"position\":2,\"name\":\"SIK\u00c7A SORULAN SORULAR\"}]},{\"@type\":\"WebSite\",\"@id\":\"https:\\\/\\\/www.markacantalar.com\\\/#website\",\"url\":\"https:\\\/\\\/www.markacantalar.com\\\/\",\"name\":\"markacantalar.com\",\"description\":\"Orijinal ve Birebir Replika \u0130thal D\u00fcnya Markas\u0131 \u00c7anta C\u00fczdan Ayakkab\u0131 Terlik Valiz\",\"potentialAction\":[{\"@type\":\"SearchAction\",\"target\":{\"@type\":\"EntryPoint\",\"urlTemplate\":\"https:\\\/\\\/www.markacantalar.com\\\/?s={search_term_string}\"},\"query-input\":{\"@type\":\"PropertyValueSpecification\",\"valueRequired\":true,\"valueName\":\"search_term_string\"}}],\"inLanguage\":\"tr\"}]}<\/script>\n<!-- \/ Yoast SEO plugin. -->","yoast_head_json":{"title":"SIK\u00c7A SORULAN SORULAR - markacantalar.com","robots":{"index":"index","follow":"follow","max-snippet":"max-snippet:-1","max-image-preview":"max-image-preview:large","max-video-preview":"max-video-preview:-1"},"canonical":"https:\/\/www.markacantalar.com\/index.php\/sikca-sorulan-sorular\/","og_locale":"tr_TR","og_type":"article","og_title":"SIK\u00c7A SORULAN SORULAR - markacantalar.com","og_description":"\u00dcr\u00fcnler Orijinal Mi? Orijinaliyle Bire Bir \u00dcr\u00fcnleri En uygun Fiyat Avantaj\u0131yla Sizin \u0130\u00e7in Temin Etmekteyiz. Hangi \u00d6deme Y\u00f6ntemlerini Kullanabilirim? Kap\u0131da","og_url":"https:\/\/www.markacantalar.com\/index.php\/sikca-sorulan-sorular\/","og_site_name":"markacantalar.com","article_modified_time":"2023-03-26T15:04:31+00:00","twitter_card":"summary_large_image","twitter_misc":{"Tahmini okuma s\u00fcresi":"1 dakika"},"schema":{"@context":"https:\/\/schema.org","@graph":[{"@type":"WebPage","@id":"https:\/\/www.markacantalar.com\/index.php\/sikca-sorulan-sorular\/","url":"https:\/\/www.markacantalar.com\/index.php\/sikca-sorulan-sorular\/","name":"SIK\u00c7A SORULAN SORULAR - markacantalar.com","isPartOf":{"@id":"https:\/\/www.markacantalar.com\/#website"},"datePublished":"2023-03-26T15:02:15+00:00","dateModified":"2023-03-26T15:04:31+00:00","breadcrumb":{"@id":"https:\/\/www.markacantalar.com\/index.php\/sikca-sorulan-sorular\/#breadcrumb"},"inLanguage":"tr","potentialAction":[{"@type":"ReadAction","target":["https:\/\/www.markacantalar.com\/index.php\/sikca-sorulan-sorular\/"]}]},{"@type":"BreadcrumbList","@id":"https:\/\/www.markacantalar.com\/index.php\/sikca-sorulan-sorular\/#breadcrumb","itemListElement":[{"@type":"ListItem","position":1,"name":"Anasayfa","item":"https:\/\/www.markacantalar.com\/"},{"@type":"ListItem","position":2,"name":"SIK\u00c7A SORULAN SORULAR"}]},{"@type":"WebSite","@id":"https:\/\/www.markacantalar.com\/#website","url":"https:\/\/www.markacantalar.com\/","name":"markacantalar.com","description":"Orijinal ve Birebir Replika \u0130thal D\u00fcnya Markas\u0131 \u00c7anta C\u00fczdan Ayakkab\u0131 Terlik Valiz","potentialAction":[{"@type":"SearchAction","target":{"@type":"EntryPoint","urlTemplate":"https:\/\/www.markacantalar.com\/?s={search_term_string}"},"query-input":{"@type":"PropertyValueSpecification","valueRequired":true,"valueName":"search_term_string"}}],"inLanguage":"tr"}]}},"_links":{"self":[{"href":"https:\/\/www.markacantalar.com\/index.php\/wp-json\/wp\/v2\/pages\/8557","targetHints":{"allow":["GET"]}}],"collection":[{"href":"https:\/\/www.markacantalar.com\/index.php\/wp-json\/wp\/v2\/pages"}],"about":[{"href":"https:\/\/www.markacantalar.com\/index.php\/wp-json\/wp\/v2\/types\/page"}],"author":[{"embeddable":true,"href":"https:\/\/www.markacantalar.com\/index.php\/wp-json\/wp\/v2\/users\/1"}],"replies":[{"embeddable":true,"href":"https:\/\/www.markacantalar.com\/index.php\/wp-json\/wp\/v2\/comments?post=8557"}],"version-history":[{"count":0,"href":"https:\/\/www.markacantalar.com\/index.php\/wp-json\/wp\/v2\/pages\/8557\/revisions"}],"wp:attachment":[{"href":"https:\/\/www.markacantalar.com\/index.php\/wp-json\/wp\/v2\/media?parent=8557"}],"curies":[{"name":"wp","href":"https:\/\/api.w.org\/{rel}","templated":true}]}}